{"id":3,"date":"2021-02-19T08:12:33","date_gmt":"2021-02-19T07:12:33","guid":{"rendered":"http:\/\/eurl-mcs.fr\/?page_id=3"},"modified":"2021-03-17T10:52:34","modified_gmt":"2021-03-17T09:52:34","slug":"politique-de-confidentialite","status":"publish","type":"page","link":"https:\/\/eurl-mcs.fr\/index.php\/politique-de-confidentialite\/","title":{"rendered":"Politique de confidentialit\u00e9"},"content":{"rendered":"\n<h2>Qui sommes-nous&nbsp;?<\/h2>\n\n\n\n<p>L\u2019adresse de notre site Web est&nbsp;: https:\/\/eurl-mcs.fr.<\/p>\n\n\n\n<p>\u00ab \u00c9diteur \u00bb&nbsp;ou&nbsp;<strong>\u00ab <\/strong>Nous <strong>\u00bb<\/strong>&nbsp;: MCS, personne morale ou physique responsable de l\u2019\u00e9dition et du contenu du Site.<\/p>\n\n\n\n<p>\u00ab Utilisateur \u00bb&nbsp;ou&nbsp;<strong>\u00ab <\/strong>Vous <strong>\u00bb<\/strong>&nbsp;: l\u2019internaute visitant et utilisant les Services du Site.<\/p>\n\n\n\n<h2>Utilisation des donn\u00e9es personnelles collect\u00e9es<\/h2>\n\n\n\n<h3>Commentaires<\/h3>\n\n\n\n<p>Quand vous laissez un commentaire sur notre site web, les donn\u00e9es inscrites dans le formulaire de commentaire, mais aussi votre adresse IP et l\u2019agent utilisateur de votre navigateur sont collect\u00e9s pour nous aider \u00e0 la d\u00e9tection des commentaires ind\u00e9sirables.<\/p>\n\n\n\n<p>Une cha\u00eene anonymis\u00e9e cr\u00e9\u00e9e \u00e0 partir de votre adresse de messagerie (\u00e9galement appel\u00e9e hash) peut \u00eatre envoy\u00e9e au service Gravatar pour v\u00e9rifier si vous utilisez ce dernier. Les clauses de confidentialit\u00e9 du service Gravatar sont disponibles ici&nbsp;: https:\/\/automattic.com\/privacy\/. Apr\u00e8s validation de votre commentaire, votre photo de profil sera visible publiquement \u00e0 cot\u00e9 de votre commentaire.<\/p>\n\n\n\n<h3>M\u00e9dias<\/h3>\n\n\n\n<p>Si vous \u00eates un utilisateur ou une utilisatrice enregistr\u00e9\u00b7e et que vous t\u00e9l\u00e9versez des images sur le site web, nous vous conseillons d\u2019\u00e9viter de t\u00e9l\u00e9verser des images contenant des donn\u00e9es EXIF de coordonn\u00e9es GPS. Les visiteurs de votre site web peuvent t\u00e9l\u00e9charger et extraire des donn\u00e9es de localisation depuis ces images.<\/p>\n\n\n\n<h3>Cookies<\/h3>\n\n\n\n<p>Si vous d\u00e9posez un commentaire sur notre site, il vous sera propos\u00e9 d\u2019enregistrer votre nom, adresse de messagerie et site web dans des cookies. C\u2019est uniquement pour votre confort afin de ne pas avoir \u00e0 saisir ces informations si vous d\u00e9posez un autre commentaire plus tard. Ces cookies expirent au bout d\u2019un an.<\/p>\n\n\n\n<p>Si vous vous rendez sur la page de connexion, un cookie temporaire sera cr\u00e9\u00e9 afin de d\u00e9terminer si votre navigateur accepte les cookies. Il ne contient pas de donn\u00e9es personnelles et sera supprim\u00e9 automatiquement \u00e0 la fermeture de votre navigateur.<\/p>\n\n\n\n<p>Lorsque vous vous connecterez, nous mettrons en place un certain nombre de cookies pour enregistrer vos informations de connexion et vos pr\u00e9f\u00e9rences d\u2019\u00e9cran. La dur\u00e9e de vie d\u2019un cookie de connexion est de deux jours, celle d\u2019un cookie d\u2019option d\u2019\u00e9cran est d\u2019un an. Si vous cochez \u00ab&nbsp;Se souvenir de moi&nbsp;\u00bb, votre cookie de connexion sera conserv\u00e9 pendant deux semaines. Si vous vous d\u00e9connectez de votre compte, le cookie de connexion sera effac\u00e9.<\/p>\n\n\n\n<p>En modifiant ou en publiant une publication, un cookie suppl\u00e9mentaire sera enregistr\u00e9 dans votre navigateur. Ce cookie ne comprend aucune donn\u00e9e personnelle. Il indique simplement l\u2019ID de la publication que vous venez de modifier. Il expire au bout d\u2019un jour.<\/p>\n\n\n\n<h3>Contenu embarqu\u00e9 depuis d\u2019autres sites<\/h3>\n\n\n\n<p>Les articles de ce site peuvent inclure des contenus int\u00e9gr\u00e9s (par exemple des vid\u00e9os, images, articles\u2026). Le contenu int\u00e9gr\u00e9 depuis d\u2019autres sites se comporte de la m\u00eame mani\u00e8re que si le visiteur se rendait sur cet autre site.<\/p>\n\n\n\n<p>Ces sites web pourraient collecter des donn\u00e9es sur vous, utiliser des cookies, embarquer des outils de suivis tiers, suivre vos interactions avec ces contenus embarqu\u00e9s si vous disposez d\u2019un compte connect\u00e9 sur leur site web.<\/p>\n\n\n\n<h3>Donn\u00e9es collect\u00e9es sur le Site<\/h3>\n\n\n\n<p>Les Donn\u00e9es collect\u00e9es et ult\u00e9rieurement trait\u00e9es par le Site sont celles que vous nous transmettez volontairement en remplissant les diff\u00e9rents formulaires pr\u00e9sents au sein du Site. Pour certaines op\u00e9rations sur les contenus, vous pourrez \u00eatre amen\u00e9s \u00e0 transmettre des Donn\u00e9es vous concernant \u00e0 des tiers partenaires au travers de leurs propres services, plus sp\u00e9cifiquement lors des paiements que vous pourrez effectuer. Nous ne disposerons pas des dites donn\u00e9es, leur collecte et leur traitement \u00e9tant r\u00e9gis par les conditions propres \u00e0 ces intervenants. Nous vous invitons \u00e0 consulter leurs conditions avant de communiquer vos Donn\u00e9es dans ce cadre. Votre adresse IP (num\u00e9ro d\u2019identification attribu\u00e9 sur Internet \u00e0 votre ordinateur) est collect\u00e9e automatiquement. Vous \u00eates inform\u00e9s que le Service est susceptible de mettre en \u0153uvre un proc\u00e9d\u00e9 automatique de tra\u00e7age (Cookie), auquel vous pouvez faire obstacle en modifiant les param\u00e8tres concern\u00e9s de votre navigateur internet, comme expliqu\u00e9 dans les conditions g\u00e9n\u00e9rales du pr\u00e9sent Site. D\u2019une mani\u00e8re g\u00e9n\u00e9rale, il vous est possible de visiter notre site sans communiquer aucune information personnelle vous concernant. Dans tous les cas, vous n\u2019avez aucune obligation de transmettre ces informations. N\u00e9anmoins, en cas de refus, il se peut que vous ne puissiez pas b\u00e9n\u00e9ficier de certaines informations ou services. Nous recueillons, utilisons et partageons \u00e9galement des donn\u00e9es agr\u00e9g\u00e9es telles que des donn\u00e9es statistiques ou d\u00e9mographiques quel qu\u2019en soit l\u2019usage. Les donn\u00e9es agr\u00e9g\u00e9es peuvent provenir de vos informations personnelles mais ne sont pas concern\u00e9es comme telles par la loi car ces donn\u00e9es ne r\u00e9v\u00e8lent pas directement votre identit\u00e9. Par exemple, nous pouvons agr\u00e9ger vos donn\u00e9es d\u2019utilisation afin de calculer le pourcentage d\u2019utilisateurs qui acc\u00e8dent \u00e0 une fonctionnalit\u00e9 sp\u00e9cifique du Site. Aux fins de fournir de meilleurs contenus et services, notre site utilise le service d\u2019analyse de Google Analytics. Google Analytics ne suit pas vos habitudes de navigation sur des sites internet tiers. Les informations vous concernant auxquelles Google Analytics a acc\u00e8s ne contiennent aucune donn\u00e9e personnelle vous concernant. Nous ne collectons pas de donn\u00e9es dites \u00ab sensibles \u00bb. Les coordonn\u00e9es des Utilisateurs du Site qui se seront inscrits sur celui-ci seront sauvegard\u00e9es, dans le respect des dispositions de la loi informatique et libert\u00e9 du 6 janvier 1978. Conform\u00e9ment \u00e0 cette derni\u00e8re, ils disposent d\u2019un droit d\u2019acc\u00e8s, de retrait, de modification ou de rectification des Donn\u00e9es qu\u2019ils ont fournies. Pour cela, il leur suffit de nous contacter par courrier : MCS \u2013 Valentini, 86230 Saint-Christophe. La collecte des Donn\u00e9es personnelles des Utilisateurs par l\u2019Editeur ne n\u00e9cessite pas de d\u00e9claration aupr\u00e8s de l\u2019autorit\u00e9 fran\u00e7aise de protection des Donn\u00e9es personnelles (la Commission Nationale de l\u2019Informatique et des Libert\u00e9s \u2013 CNIL).<\/p>\n\n\n\n<h3>Identit\u00e9 du responsable du traitement<\/h3>\n\n\n\n<p>Le responsable du traitement est la soci\u00e9t\u00e9 MCS, ayant son si\u00e8ge social \u00e0 l\u2019adresse suivante : Valentini, 86230 Saint-Christophe. \u00a0<\/p>\n\n\n\n<h3>Article 4 \u2013 Finalit\u00e9 des Donn\u00e9es collect\u00e9es<\/h3>\n\n\n\n<p>Les Donn\u00e9es identifi\u00e9es comme \u00e9tant obligatoires sur les formulaires du Site sont n\u00e9cessaires afin de pouvoir b\u00e9n\u00e9ficier des fonctionnalit\u00e9s correspondantes du Site, et plus sp\u00e9cifiquement des op\u00e9rations sur les contenus propos\u00e9s au sein de celui-ci. Le Site est susceptible de collecter et traiter les Donn\u00e9es de ses Utilisateurs :<\/p>\n\n\n\n<ul><li>Aux fins de vous fournir les informations ou les services auxquels vous avez souscrit, notamment : Envoi de newsletters, offres commerciales.<\/li><li>Aux fins de recueillir des informations nous permettant d\u2019am\u00e9liorer notre site, nos produits et services (notamment par l\u2019usage des cookies).<\/li><li>Aux fins de pouvoir vous contacter \u00e0 propos de : Prospection, offre commerciale, r\u00e9ponse \u00e0 un projet.<\/li><\/ul>\n\n\n\n<h3>Destinataires et utilisation des Donn\u00e9es collect\u00e9es<\/h3>\n\n\n\n<p>Les Donn\u00e9es collect\u00e9es par nos soins sont trait\u00e9es pour les besoins d\u2019ex\u00e9cution des op\u00e9rations sur les contenus du Service. Vous \u00eates susceptible de recevoir des courriers \u00e9lectroniques (emails) de notre Service, notamment dans le cadre de newsletters que vous avez accept\u00e9es. Seul l\u2019\u00e9diteur du site est destinataire de vos Informations personnelles. Celles-ci ne sont jamais transmises \u00e0 un tiers, nonobstant les sous-traitants auxquels l\u2019\u00e9diteur du site fait appel. Ni l\u2019\u00e9diteur du site ni ses sous-traitants ne proc\u00e8dent \u00e0 la commercialisation des donn\u00e9es personnelles des visiteurs et utilisateurs de son Site. Vos donn\u00e9es personnelles peuvent \u00eatre partag\u00e9es avec les parties indiqu\u00e9es ci-dessous aux fins d\u00e9finies dans la pr\u00e9sente politique de confidentialit\u00e9. Nous exigeons que tous les tiers garantissent la s\u00e9curit\u00e9 de vos donn\u00e9es personnelles et les traitent conform\u00e9ment \u00e0 la loi. Nous ne permettons pas \u00e0 nos fournisseurs de services tiers d\u2019utiliser vos donn\u00e9es.<\/p>\n\n\n\n<h3>Fondements l\u00e9gaux r\u00e9gissant le traitement des donn\u00e9es<\/h3>\n\n\n\n<p>Conform\u00e9ment au R\u00e8glement G\u00e9n\u00e9ral sur la Protection des Donn\u00e9es (RGPD), l\u2019\u00e9diteur du site ne traite des donn\u00e9es \u00e0 caract\u00e8re personnel que dans les situations suivantes :<\/p>\n\n\n\n<ul><li>avec votre&nbsp;<strong>consentement<\/strong>&nbsp;;<\/li><li>lorsqu\u2019il existe une&nbsp;<strong>obligation contractuelle<\/strong>&nbsp;(un contrat entre l\u2019\u00e9diteur du site et vous) ;<\/li><li>pour r\u00e9pondre \u00e0 une&nbsp;<strong>obligation l\u00e9gale&nbsp;<\/strong>(en vertu de la l\u00e9gislation UE ou nationale).<\/li><\/ul>\n\n\n\n<h3>S\u00e9curit\u00e9 des Donn\u00e9es<\/h3>\n\n\n\n<p>Vous \u00eates inform\u00e9s que vos Donn\u00e9es pourront \u00eatre divulgu\u00e9es en application d\u2019une loi, d\u2019un r\u00e8glement ou en vertu d\u2019une d\u00e9cision d\u2019une autorit\u00e9 r\u00e9glementaire ou judiciaire comp\u00e9tente ou encore, si cela s\u2019av\u00e8re n\u00e9cessaire, aux fins, pour l\u2019Editeur, de pr\u00e9server ses droits et int\u00e9r\u00eats. Nous avons mis en place des mesures de s\u00e9curit\u00e9 appropri\u00e9es afin d\u2019emp\u00eacher que vos donn\u00e9es personnelles ne soient accidentellement perdues, utilis\u00e9es, modifi\u00e9es, d\u00e9voil\u00e9es ou consult\u00e9es sans autorisation. De plus, l\u2019acc\u00e8s \u00e0 vos donn\u00e9es personnelles est soumis \u00e0 une proc\u00e9dure de s\u00e9curit\u00e9 d\u00e9finie et document\u00e9e.<\/p>\n\n\n\n<h3>Dur\u00e9e de conservation des Donn\u00e9es<\/h3>\n\n\n\n<p>Les Donn\u00e9es sont stock\u00e9es chez l\u2019h\u00e9bergeur du site, dont les coordonn\u00e9es figurent dans les mentions l\u00e9gales du Site, et sont conserv\u00e9es pour la dur\u00e9e strictement n\u00e9cessaire \u00e0 la r\u00e9alisation des finalit\u00e9s vis\u00e9es ci-avant et ne saurait exc\u00e9der 36 mois. Au-del\u00e0 de cette dur\u00e9e, elles seront conserv\u00e9es \u00e0 des fins exclusivement statistiques et ne donneront lieu \u00e0 aucune exploitation, de quelque nature que ce soit.<\/p>\n\n\n\n<h3>Droits informatiques et libert\u00e9s<\/h3>\n\n\n\n<p>Conform\u00e9ment \u00e0 la l\u00e9gislation sur la protection des donn\u00e9es personnelles, vous avez les droits d\u00e9taill\u00e9s ci-apr\u00e8s que vous pouvez exercer, comme indiqu\u00e9 \u00e0 l\u2019Article 1 de la Pr\u00e9sente Politique de confidentialit\u00e9 en nous \u00e9crivant \u00e0 l\u2019adresse postale mentionn\u00e9e en t\u00eate (MCS &#8211; Valentini, 86230 Saint-Christophe) ou en envoyant un courriel : contact@eurl-mcs.fr<\/p>\n\n\n\n<ul><li>Le droit d\u2019information : nous avons l\u2019obligation de vous informer de la mani\u00e8re dont nous utilisons vos donn\u00e9es personnelles (tel que d\u00e9crit dans la pr\u00e9sente politique de confidentialit\u00e9).<\/li><li>Le droit d\u2019acc\u00e8s : c\u2019est votre droit d\u2019effectuer une demande d\u2019acc\u00e8s aux donn\u00e9es vous concernant afin de recevoir une copie des donn\u00e9es \u00e0 caract\u00e8re personnel que nous d\u00e9tenons ; Toutefois, en raison de l\u2019obligation de s\u00e9curit\u00e9 et de confidentialit\u00e9 dans le traitement des donn\u00e9es \u00e0 caract\u00e8re personnel qui incombe \u00e0 l\u2019\u00e9diteur du site , vous \u00eates inform\u00e9 que votre demande sera trait\u00e9e sous r\u00e9serve que vous rapportiez la preuve de votre identit\u00e9, notamment par la production d\u2019un scan ou d\u2019une photocopie de votre titre d\u2019identit\u00e9 valide.<\/li><li>Le droit de rectification : le droit de nous demander de rectifier des donn\u00e9es personnelles vous concernant qui seraient incompl\u00e8tes ou inexactes. Au titre de ce droit, la l\u00e9gislation vous autorise \u00e0 demander la rectification, la mise \u00e0 jour, le verrouillage ou encore l\u2019effacement des donn\u00e9es vous concernant qui peuvent \u00eatre inexactes, erron\u00e9es, incompl\u00e8tes ou obsol\u00e8tes.<\/li><li>Le droit \u00e0 l\u2019effacement, aussi connu sous le nom de \u00ab droit \u00e0 l\u2019oubli \u00bb : dans certains cas, vous pouvez nous demander de supprimer les donn\u00e9es personnelles que nous avons vous concernant (mis \u00e0 part s\u2019il existe une raison juridique imp\u00e9rieuse qui nous oblige \u00e0 les conserver).<\/li><li>Le droit \u00e0 la limitation du traitement : vous avez le droit dans certains cas de nous demander de suspendre le traitement des donn\u00e9es personnelles,<\/li><li>Le droit \u00e0 la portabilit\u00e9 des donn\u00e9es : vous avez le droit de nous demander une copie de vos donn\u00e9es personnelles dans un format courant (par exemple un fichier .csv).<\/li><li>Le droit d\u2019opposition : vous avez le droit de vous opposer au traitement de vos donn\u00e9es personnelles (par exemple, en nous interdisant de traiter vos donn\u00e9es \u00e0 des fins de marketing direct).<\/li><\/ul>\n\n\n\n<p>Cependant, l\u2019exercice de ce droit n\u2019est possible que dans l\u2019une des deux situations suivantes : lorsque l\u2019exercice de ce droit est fond\u00e9 sur des motifs l\u00e9gitimes ou lorsque l\u2019exercice de ce droit vise \u00e0 faire obstacle \u00e0 ce que les donn\u00e9es recueillies soient utilis\u00e9es \u00e0 des fins de prospection commerciale. Contactez-nous si vous souhaitez exercer l\u2019un des droits d\u00e9crits ci-dessus en nous \u00e9crivant \u00e0 MCS &#8211; Valentini, Saint-Christophe. Vous n\u2019aurez pas de frais \u00e0 payer pour l\u2019acc\u00e8s \u00e0 vos donn\u00e9es personnelles (ni pour l\u2019exercice de tout autre droit). Cependant, nous pourrons vous facturer des frais raisonnables si votre demande est manifestement infond\u00e9e, r\u00e9p\u00e9titive ou excessive. Dans ce cas, nous pouvons aussi refuser de r\u00e9pondre \u00e0 votre demande. L\u2019\u00e9diteur du site sera en droit, le cas \u00e9ch\u00e9ant, de s\u2019opposer aux demandes manifestement abusives de par leur caract\u00e8re syst\u00e9matique, r\u00e9p\u00e9titif, ou leur nombre. Nous pouvons vous demander des informations sp\u00e9cifiques afin de confirmer votre identit\u00e9 et d\u2019assurer votre droit d\u2019acc\u00e8s \u00e0 vos donn\u00e9es personnelles (ou pour exercer tout autre droit). Il s\u2019agit d\u2019une mesure de s\u00e9curit\u00e9 pour garantir que ces donn\u00e9es personnelles ne soient pas d\u00e9livr\u00e9es \u00e0 une personne non autoris\u00e9e \u00e0 les recevoir. Nous pouvons aussi vous contacter pour obtenir plus d\u2019informations concernant votre demande, afin de vous donner une r\u00e9ponse plus rapide. Nous essayons de r\u00e9pondre \u00e0 toutes les demandes l\u00e9gitimes dans un d\u00e9lai d\u2019un mois. Ce d\u00e9lai d\u2019un mois peut \u00eatre d\u00e9pass\u00e9 dans le cas o\u00f9 votre demande est particuli\u00e8rement complexe ou si vous en avez fait plusieurs. Dans ce cas, nous vous pr\u00e9viendrons et vous tiendrons inform\u00e9.<\/p>\n\n\n\n<h3>Plainte aupr\u00e8s de l\u2019Autorit\u00e9 de protection des donn\u00e9es<\/h3>\n\n\n\n<p>Si vous consid\u00e9rez que l\u2019\u00e9diteur du site ne respecte pas ses obligations au regard de vos Informations Personnelles, vous pouvez adresser une plainte ou une demande aupr\u00e8s de l\u2019autorit\u00e9 comp\u00e9tente. En France, l\u2019autorit\u00e9 comp\u00e9tente est la CNIL \u00e0 laquelle vous pouvez adresser une demande par voie \u00e9lectronique \u00e0 l\u2019adresse suivante :\u00a0<a href=\"https:\/\/www.cnil.fr\/fr\/plaintes\/internet\">https:\/\/www.cnil.fr\/fr\/plaintes\/internet<\/a>.<\/p>\n","protected":false},"excerpt":{"rendered":"<p>Qui sommes-nous&nbsp;? L\u2019adresse de notre site Web est&nbsp;: https:\/\/eurl-mcs.fr. \u00ab \u00c9diteur \u00bb&nbsp;ou&nbsp;\u00ab Nous \u00bb&nbsp;: MCS, personne morale ou physique responsable de l\u2019\u00e9dition et du contenu &hellip; <\/p>\n","protected":false},"author":1,"featured_media":0,"parent":0,"menu_order":0,"comment_status":"closed","ping_status":"open","template":"","meta":{"spay_email":""},"yoast_head":"<!-- This site is optimized with the Yoast SEO plugin v19.4 - https:\/\/yoast.com\/wordpress\/plugins\/seo\/ -->\n<title>Politique de confidentialit\u00e9 &bull; MCS<\/title>\n<meta name=\"description\" content=\"Retrouver sur notre site tous ce qu&#039;on peut proposer en \u00e9quipement de tir sportif, m\u00e9cano-soudure et chaudronnerie. De s\u00e9rie et sur-mesure, nous pouvons vous proposer une large gamme de produit. Contactez-nous pour toutes demandes ! #mecanique #soudure #chaudronnerie #standdetir #piegeaballe #ciblerie #mecanosoudure #mcs #vienne #saintchristophe #equipements #tir #fabrication #surmesure #france\" \/>\n<meta name=\"robots\" content=\"index, follow, max-snippet:-1, max-image-preview:large, max-video-preview:-1\" \/>\n<link rel=\"canonical\" href=\"https:\/\/eurl-mcs.fr\/index.php\/politique-de-confidentialite\/\" \/>\n<meta property=\"og:locale\" content=\"fr_FR\" \/>\n<meta property=\"og:type\" content=\"article\" \/>\n<meta property=\"og:title\" content=\"Politique de confidentialit\u00e9 &bull; MCS\" \/>\n<meta property=\"og:description\" content=\"Retrouver sur notre site tous ce qu&#039;on peut proposer en \u00e9quipement de tir sportif, m\u00e9cano-soudure et chaudronnerie. De s\u00e9rie et sur-mesure, nous pouvons vous proposer une large gamme de produit. Contactez-nous pour toutes demandes ! #mecanique #soudure #chaudronnerie #standdetir #piegeaballe #ciblerie #mecanosoudure #mcs #vienne #saintchristophe #equipements #tir #fabrication #surmesure #france\" \/>\n<meta property=\"og:url\" content=\"https:\/\/eurl-mcs.fr\/index.php\/politique-de-confidentialite\/\" \/>\n<meta property=\"og:site_name\" content=\"MCS\" \/>\n<meta property=\"article:modified_time\" content=\"2021-03-17T09:52:34+00:00\" \/>\n<meta name=\"twitter:card\" content=\"summary_large_image\" \/>\n<script type=\"application\/ld+json\" class=\"yoast-schema-graph\">{\"@context\":\"https:\/\/schema.org\",\"@graph\":[{\"@type\":\"Organization\",\"@id\":\"https:\/\/eurl-mcs.fr\/#organization\",\"name\":\"MCS\",\"url\":\"https:\/\/eurl-mcs.fr\/\",\"sameAs\":[],\"logo\":{\"@type\":\"ImageObject\",\"inLanguage\":\"fr-FR\",\"@id\":\"https:\/\/eurl-mcs.fr\/#\/schema\/logo\/image\/\",\"url\":\"https:\/\/eurl-mcs.fr\/wp-content\/uploads\/2021\/02\/cropped-logo-removebg-preview.png\",\"contentUrl\":\"https:\/\/eurl-mcs.fr\/wp-content\/uploads\/2021\/02\/cropped-logo-removebg-preview.png\",\"width\":420,\"height\":594,\"caption\":\"MCS\"},\"image\":{\"@id\":\"https:\/\/eurl-mcs.fr\/#\/schema\/logo\/image\/\"}},{\"@type\":\"WebSite\",\"@id\":\"https:\/\/eurl-mcs.fr\/#website\",\"url\":\"https:\/\/eurl-mcs.fr\/\",\"name\":\"MCS\",\"description\":\"Mecanique chaudronnerie et soudure\",\"publisher\":{\"@id\":\"https:\/\/eurl-mcs.fr\/#organization\"},\"potentialAction\":[{\"@type\":\"SearchAction\",\"target\":{\"@type\":\"EntryPoint\",\"urlTemplate\":\"https:\/\/eurl-mcs.fr\/?s={search_term_string}\"},\"query-input\":\"required name=search_term_string\"}],\"inLanguage\":\"fr-FR\"},{\"@type\":\"WebPage\",\"@id\":\"https:\/\/eurl-mcs.fr\/index.php\/politique-de-confidentialite\/\",\"url\":\"https:\/\/eurl-mcs.fr\/index.php\/politique-de-confidentialite\/\",\"name\":\"Politique de confidentialit\u00e9 &bull; MCS\",\"isPartOf\":{\"@id\":\"https:\/\/eurl-mcs.fr\/#website\"},\"datePublished\":\"2021-02-19T07:12:33+00:00\",\"dateModified\":\"2021-03-17T09:52:34+00:00\",\"description\":\"Retrouver sur notre site tous ce qu'on peut proposer en \u00e9quipement de tir sportif, m\u00e9cano-soudure et chaudronnerie. De s\u00e9rie et sur-mesure, nous pouvons vous proposer une large gamme de produit. Contactez-nous pour toutes demandes ! #mecanique #soudure #chaudronnerie #standdetir #piegeaballe #ciblerie #mecanosoudure #mcs #vienne #saintchristophe #equipements #tir #fabrication #surmesure #france\",\"breadcrumb\":{\"@id\":\"https:\/\/eurl-mcs.fr\/index.php\/politique-de-confidentialite\/#breadcrumb\"},\"inLanguage\":\"fr-FR\",\"potentialAction\":[{\"@type\":\"ReadAction\",\"target\":[\"https:\/\/eurl-mcs.fr\/index.php\/politique-de-confidentialite\/\"]}]},{\"@type\":\"BreadcrumbList\",\"@id\":\"https:\/\/eurl-mcs.fr\/index.php\/politique-de-confidentialite\/#breadcrumb\",\"itemListElement\":[{\"@type\":\"ListItem\",\"position\":1,\"name\":\"Accueil\",\"item\":\"https:\/\/eurl-mcs.fr\/\"},{\"@type\":\"ListItem\",\"position\":2,\"name\":\"Politique de confidentialit\u00e9\"}]}]}<\/script>\n<!-- \/ Yoast SEO plugin. -->","yoast_head_json":{"title":"Politique de confidentialit\u00e9 &bull; MCS","description":"Retrouver sur notre site tous ce qu'on peut proposer en \u00e9quipement de tir sportif, m\u00e9cano-soudure et chaudronnerie. De s\u00e9rie et sur-mesure, nous pouvons vous proposer une large gamme de produit. Contactez-nous pour toutes demandes ! #mecanique #soudure #chaudronnerie #standdetir #piegeaballe #ciblerie #mecanosoudure #mcs #vienne #saintchristophe #equipements #tir #fabrication #surmesure #france","robots":{"index":"index","follow":"follow","max-snippet":"max-snippet:-1","max-image-preview":"max-image-preview:large","max-video-preview":"max-video-preview:-1"},"canonical":"https:\/\/eurl-mcs.fr\/index.php\/politique-de-confidentialite\/","og_locale":"fr_FR","og_type":"article","og_title":"Politique de confidentialit\u00e9 &bull; MCS","og_description":"Retrouver sur notre site tous ce qu'on peut proposer en \u00e9quipement de tir sportif, m\u00e9cano-soudure et chaudronnerie. De s\u00e9rie et sur-mesure, nous pouvons vous proposer une large gamme de produit. Contactez-nous pour toutes demandes ! #mecanique #soudure #chaudronnerie #standdetir #piegeaballe #ciblerie #mecanosoudure #mcs #vienne #saintchristophe #equipements #tir #fabrication #surmesure #france","og_url":"https:\/\/eurl-mcs.fr\/index.php\/politique-de-confidentialite\/","og_site_name":"MCS","article_modified_time":"2021-03-17T09:52:34+00:00","twitter_card":"summary_large_image","schema":{"@context":"https:\/\/schema.org","@graph":[{"@type":"Organization","@id":"https:\/\/eurl-mcs.fr\/#organization","name":"MCS","url":"https:\/\/eurl-mcs.fr\/","sameAs":[],"logo":{"@type":"ImageObject","inLanguage":"fr-FR","@id":"https:\/\/eurl-mcs.fr\/#\/schema\/logo\/image\/","url":"https:\/\/eurl-mcs.fr\/wp-content\/uploads\/2021\/02\/cropped-logo-removebg-preview.png","contentUrl":"https:\/\/eurl-mcs.fr\/wp-content\/uploads\/2021\/02\/cropped-logo-removebg-preview.png","width":420,"height":594,"caption":"MCS"},"image":{"@id":"https:\/\/eurl-mcs.fr\/#\/schema\/logo\/image\/"}},{"@type":"WebSite","@id":"https:\/\/eurl-mcs.fr\/#website","url":"https:\/\/eurl-mcs.fr\/","name":"MCS","description":"Mecanique chaudronnerie et soudure","publisher":{"@id":"https:\/\/eurl-mcs.fr\/#organization"},"potentialAction":[{"@type":"SearchAction","target":{"@type":"EntryPoint","urlTemplate":"https:\/\/eurl-mcs.fr\/?s={search_term_string}"},"query-input":"required name=search_term_string"}],"inLanguage":"fr-FR"},{"@type":"WebPage","@id":"https:\/\/eurl-mcs.fr\/index.php\/politique-de-confidentialite\/","url":"https:\/\/eurl-mcs.fr\/index.php\/politique-de-confidentialite\/","name":"Politique de confidentialit\u00e9 &bull; MCS","isPartOf":{"@id":"https:\/\/eurl-mcs.fr\/#website"},"datePublished":"2021-02-19T07:12:33+00:00","dateModified":"2021-03-17T09:52:34+00:00","description":"Retrouver sur notre site tous ce qu'on peut proposer en \u00e9quipement de tir sportif, m\u00e9cano-soudure et chaudronnerie. De s\u00e9rie et sur-mesure, nous pouvons vous proposer une large gamme de produit. Contactez-nous pour toutes demandes ! #mecanique #soudure #chaudronnerie #standdetir #piegeaballe #ciblerie #mecanosoudure #mcs #vienne #saintchristophe #equipements #tir #fabrication #surmesure #france","breadcrumb":{"@id":"https:\/\/eurl-mcs.fr\/index.php\/politique-de-confidentialite\/#breadcrumb"},"inLanguage":"fr-FR","potentialAction":[{"@type":"ReadAction","target":["https:\/\/eurl-mcs.fr\/index.php\/politique-de-confidentialite\/"]}]},{"@type":"BreadcrumbList","@id":"https:\/\/eurl-mcs.fr\/index.php\/politique-de-confidentialite\/#breadcrumb","itemListElement":[{"@type":"ListItem","position":1,"name":"Accueil","item":"https:\/\/eurl-mcs.fr\/"},{"@type":"ListItem","position":2,"name":"Politique de confidentialit\u00e9"}]}]}},"_links":{"self":[{"href":"https:\/\/eurl-mcs.fr\/index.php\/wp-json\/wp\/v2\/pages\/3"}],"collection":[{"href":"https:\/\/eurl-mcs.fr\/index.php\/wp-json\/wp\/v2\/pages"}],"about":[{"href":"https:\/\/eurl-mcs.fr\/index.php\/wp-json\/wp\/v2\/types\/page"}],"author":[{"embeddable":true,"href":"https:\/\/eurl-mcs.fr\/index.php\/wp-json\/wp\/v2\/users\/1"}],"replies":[{"embeddable":true,"href":"https:\/\/eurl-mcs.fr\/index.php\/wp-json\/wp\/v2\/comments?post=3"}],"version-history":[{"count":2,"href":"https:\/\/eurl-mcs.fr\/index.php\/wp-json\/wp\/v2\/pages\/3\/revisions"}],"predecessor-version":[{"id":1036,"href":"https:\/\/eurl-mcs.fr\/index.php\/wp-json\/wp\/v2\/pages\/3\/revisions\/1036"}],"wp:attachment":[{"href":"https:\/\/eurl-mcs.fr\/index.php\/wp-json\/wp\/v2\/media?parent=3"}],"curies":[{"name":"wp","href":"https:\/\/api.w.org\/{rel}","templated":true}]}}