{"id":215,"date":"2021-03-03T11:13:01","date_gmt":"2021-03-03T10:13:01","guid":{"rendered":"http:\/\/eurl-mcs.fr\/?page_id=215"},"modified":"2021-11-22T15:25:15","modified_gmt":"2021-11-22T14:25:15","slug":"pieges-a-balles","status":"publish","type":"page","link":"https:\/\/eurl-mcs.fr\/index.php\/pieges-a-balles\/","title":{"rendered":""},"content":{"rendered":"\t\t<div data-elementor-type=\"wp-page\" data-elementor-id=\"215\" class=\"elementor elementor-215\">\n\t\t\t\t\t\t\t\t\t<section class=\"elementor-section elementor-top-section elementor-element elementor-element-79c9563 elementor-section-boxed elementor-section-height-default elementor-section-height-default\" data-id=\"79c9563\" data-element_type=\"section\">\n\t\t\t\t\t\t<div class=\"elementor-container elementor-column-gap-default\">\n\t\t\t\t\t<div class=\"elementor-column elementor-col-100 elementor-top-column elementor-element elementor-element-038e5b2\" data-id=\"038e5b2\" data-element_type=\"column\">\n\t\t\t<div class=\"elementor-widget-wrap elementor-element-populated\">\n\t\t\t\t\t\t\t\t<div class=\"elementor-element elementor-element-cb11855 elementor-widget elementor-widget-heading\" data-id=\"cb11855\" data-element_type=\"widget\" data-widget_type=\"heading.default\">\n\t\t\t\t<div class=\"elementor-widget-container\">\n\t\t\t<h1 class=\"elementor-heading-title elementor-size-xl\">NOS PI\u00c8GES \u00c0 BALLES<\/h1>\t\t<\/div>\n\t\t\t\t<\/div>\n\t\t\t\t\t<\/div>\n\t\t<\/div>\n\t\t\t\t\t\t\t<\/div>\n\t\t<\/section>\n\t\t\t\t<section class=\"elementor-section elementor-top-section elementor-element elementor-element-3938e50 elementor-section-boxed elementor-section-height-default elementor-section-height-default\" data-id=\"3938e50\" data-element_type=\"section\">\n\t\t\t\t\t\t<div class=\"elementor-container elementor-column-gap-default\">\n\t\t\t\t\t<div class=\"elementor-column elementor-col-100 elementor-top-column elementor-element elementor-element-6fce8a9\" data-id=\"6fce8a9\" data-element_type=\"column\">\n\t\t\t<div class=\"elementor-widget-wrap elementor-element-populated\">\n\t\t\t\t\t\t\t\t<div class=\"elementor-element elementor-element-947c690 elementor-widget elementor-widget-text-editor\" data-id=\"947c690\" data-element_type=\"widget\" data-widget_type=\"text-editor.default\">\n\t\t\t\t<div class=\"elementor-widget-container\">\n\t\t\t\t\t\t\t<p><span lang=\"fr\">MCS, <\/span><span lang=\"fr\"><em>con\u00e7oit et r\u00e9alise<\/em> des pi\u00e8ges \u00e0 balles de s\u00e9rie et <em>sur mesure<\/em><em>, de<\/em><\/span><em>\u00a0fabrication fran\u00e7aise<\/em>.<\/p><p>Pas de vente en ligne, <em>contacter pour toutes demandes<\/em>.\u00a0<\/p>\t\t\t\t\t\t<\/div>\n\t\t\t\t<\/div>\n\t\t\t\t\t<\/div>\n\t\t<\/div>\n\t\t\t\t\t\t\t<\/div>\n\t\t<\/section>\n\t\t\t\t<section class=\"elementor-section elementor-top-section elementor-element elementor-element-df2abab elementor-section-boxed elementor-section-height-default elementor-section-height-default\" data-id=\"df2abab\" data-element_type=\"section\">\n\t\t\t\t\t\t<div class=\"elementor-container elementor-column-gap-default\">\n\t\t\t\t\t<div class=\"elementor-column elementor-col-33 elementor-top-column elementor-element elementor-element-e8ca403\" data-id=\"e8ca403\" data-element_type=\"column\">\n\t\t\t<div class=\"elementor-widget-wrap elementor-element-populated\">\n\t\t\t\t\t\t\t\t<div class=\"elementor-element elementor-element-f64cc64 elementor-arrows-position-inside elementor-pagination-position-outside elementor-widget elementor-widget-image-carousel\" data-id=\"f64cc64\" data-element_type=\"widget\" data-settings=\"{&quot;slides_to_show&quot;:&quot;1&quot;,&quot;navigation&quot;:&quot;both&quot;,&quot;autoplay&quot;:&quot;yes&quot;,&quot;pause_on_hover&quot;:&quot;yes&quot;,&quot;pause_on_interaction&quot;:&quot;yes&quot;,&quot;autoplay_speed&quot;:5000,&quot;infinite&quot;:&quot;yes&quot;,&quot;effect&quot;:&quot;slide&quot;,&quot;speed&quot;:500}\" data-widget_type=\"image-carousel.default\">\n\t\t\t\t<div class=\"elementor-widget-container\">\n\t\t\t\t\t<div class=\"elementor-image-carousel-wrapper swiper-container\" dir=\"ltr\">\n\t\t\t<div class=\"elementor-image-carousel swiper-wrapper\">\n\t\t\t\t\t\t\t\t<div class=\"swiper-slide\"><a data-elementor-open-lightbox=\"yes\" data-elementor-lightbox-slideshow=\"f64cc64\" data-elementor-lightbox-title=\"Pi\u00e8ges \u00e0 balles : 650x650\" data-elementor-lightbox-description=\"pi\u00e8ges \u00e0 balles avec cible pistolet 25 m\u00e8tre exterieur\" data-e-action-hash=\"#elementor-action%3Aaction%3Dlightbox%26settings%3DeyJpZCI6MTE5NSwidXJsIjoiaHR0cHM6XC9cL2V1cmwtbWNzLmZyXC93cC1jb250ZW50XC91cGxvYWRzXC8yMDIxXC8wM1wvYmF0dGVyaWUtNjUwLXg2NTAtMS1zY2FsZWQuanBnIiwic2xpZGVzaG93IjoiZjY0Y2M2NCJ9\" href=\"https:\/\/eurl-mcs.fr\/wp-content\/uploads\/2021\/03\/batterie-650-x650-1-scaled.jpg\"><figure class=\"swiper-slide-inner\"><img class=\"swiper-slide-image\" src=\"https:\/\/eurl-mcs.fr\/wp-content\/uploads\/2021\/03\/batterie-650-x650-1-300x200.jpg\" alt=\"Pi\u00e8ges \u00e0 balles : 650x650\" \/><\/figure><\/a><\/div>\t\t\t<\/div>\n\t\t\t\t\t<\/div>\n\t\t\t\t<\/div>\n\t\t\t\t<\/div>\n\t\t\t\t\t<\/div>\n\t\t<\/div>\n\t\t\t\t<div class=\"elementor-column elementor-col-66 elementor-top-column elementor-element elementor-element-7105928\" data-id=\"7105928\" data-element_type=\"column\">\n\t\t\t<div class=\"elementor-widget-wrap elementor-element-populated\">\n\t\t\t\t\t\t\t\t<div class=\"elementor-element elementor-element-cf49aa7 elementor-widget elementor-widget-text-editor\" data-id=\"cf49aa7\" data-element_type=\"widget\" data-widget_type=\"text-editor.default\">\n\t\t\t\t<div class=\"elementor-widget-container\">\n\t\t\t\t\t\t\t<ul><li>Pi\u00e8ge \u00e0 balles <strong>standard<\/strong> 650&#215;650<\/li><\/ul><p><em>Possibilit\u00e9 de Peinture ou Galvanisation<\/em><\/p><ul><li>Pi\u00e8ge \u00e0 balles <strong>renforc\u00e9<\/strong> 650&#215;650<\/li><\/ul><p><em>Possibilit\u00e9 de Peinture ou M\u00e9tallisation<\/em><\/p>\t\t\t\t\t\t<\/div>\n\t\t\t\t<\/div>\n\t\t\t\t<div class=\"elementor-element elementor-element-a37d1be elementor-widget elementor-widget-heading\" data-id=\"a37d1be\" data-element_type=\"widget\" data-widget_type=\"heading.default\">\n\t\t\t\t<div class=\"elementor-widget-container\">\n\t\t\t<h2 class=\"elementor-heading-title elementor-size-small\"><a href=\"https:\/\/eurl-mcs.fr\/wp-content\/uploads\/2021\/03\/Piege-a-balle.pdf\">Fiche produit<\/a><\/h2>\t\t<\/div>\n\t\t\t\t<\/div>\n\t\t\t\t\t<\/div>\n\t\t<\/div>\n\t\t\t\t\t\t\t<\/div>\n\t\t<\/section>\n\t\t\t\t<section class=\"elementor-section elementor-top-section elementor-element elementor-element-c6c45af elementor-section-boxed elementor-section-height-default elementor-section-height-default\" data-id=\"c6c45af\" data-element_type=\"section\">\n\t\t\t\t\t\t<div class=\"elementor-container elementor-column-gap-default\">\n\t\t\t\t\t<div class=\"elementor-column elementor-col-33 elementor-top-column elementor-element elementor-element-6f794a9\" data-id=\"6f794a9\" data-element_type=\"column\">\n\t\t\t<div class=\"elementor-widget-wrap elementor-element-populated\">\n\t\t\t\t\t\t\t\t<div class=\"elementor-element elementor-element-f06580c elementor-arrows-position-outside elementor-widget elementor-widget-image-carousel\" data-id=\"f06580c\" data-element_type=\"widget\" data-settings=\"{&quot;slides_to_show&quot;:&quot;1&quot;,&quot;navigation&quot;:&quot;arrows&quot;,&quot;autoplay&quot;:&quot;yes&quot;,&quot;pause_on_hover&quot;:&quot;yes&quot;,&quot;pause_on_interaction&quot;:&quot;yes&quot;,&quot;autoplay_speed&quot;:5000,&quot;infinite&quot;:&quot;yes&quot;,&quot;effect&quot;:&quot;slide&quot;,&quot;speed&quot;:500}\" data-widget_type=\"image-carousel.default\">\n\t\t\t\t<div class=\"elementor-widget-container\">\n\t\t\t\t\t<div class=\"elementor-image-carousel-wrapper swiper-container\" dir=\"ltr\">\n\t\t\t<div class=\"elementor-image-carousel swiper-wrapper\">\n\t\t\t\t\t\t\t\t<div class=\"swiper-slide\"><a data-elementor-open-lightbox=\"yes\" data-elementor-lightbox-slideshow=\"f06580c\" data-elementor-lightbox-title=\"Pi\u00e8ges \u00e0 balles 750x750\" data-elementor-lightbox-description=\"Pi\u00e8ges \u00e0 balles en stand de tir 25 m\u00e8tres exterieur\" data-e-action-hash=\"#elementor-action%3Aaction%3Dlightbox%26settings%3DeyJpZCI6MTIzNSwidXJsIjoiaHR0cHM6XC9cL2V1cmwtbWNzLmZyXC93cC1jb250ZW50XC91cGxvYWRzXC8yMDIxXC8wM1wvNzUweDc1MC0xLnBuZyIsInNsaWRlc2hvdyI6ImYwNjU4MGMifQ%3D%3D\" href=\"https:\/\/eurl-mcs.fr\/wp-content\/uploads\/2021\/03\/750x750-1.png\"><figure class=\"swiper-slide-inner\"><img class=\"swiper-slide-image\" src=\"https:\/\/eurl-mcs.fr\/wp-content\/uploads\/2021\/03\/750x750-1-300x224.png\" alt=\"Pi\u00e8ges \u00e0 balles 750x750\" \/><\/figure><\/a><\/div><div class=\"swiper-slide\"><a data-elementor-open-lightbox=\"yes\" data-elementor-lightbox-slideshow=\"f06580c\" data-elementor-lightbox-title=\"pi\u00e8ges \u00e0 balles 750x750\" data-e-action-hash=\"#elementor-action%3Aaction%3Dlightbox%26settings%3DeyJpZCI6MTE0MywidXJsIjoiaHR0cHM6XC9cL2V1cmwtbWNzLmZyXC93cC1jb250ZW50XC91cGxvYWRzXC8yMDIxXC8wM1wvQmF0dGVyaWUtZGUtNS1waWVnZXMtYS1iYWxsZXMtNzUwLXgtNzUwLWVudHJlLWF4ZS1kZXMtY2libGVzLTc1MG1tLnBuZyIsInNsaWRlc2hvdyI6ImYwNjU4MGMifQ%3D%3D\" href=\"https:\/\/eurl-mcs.fr\/wp-content\/uploads\/2021\/03\/Batterie-de-5-pieges-a-balles-750-x-750-entre-axe-des-cibles-750mm.png\"><figure class=\"swiper-slide-inner\"><img class=\"swiper-slide-image\" src=\"https:\/\/eurl-mcs.fr\/wp-content\/uploads\/2021\/03\/Batterie-de-5-pieges-a-balles-750-x-750-entre-axe-des-cibles-750mm-300x224.png\" alt=\"pi\u00e8ges \u00e0 balles 750x750\" \/><\/figure><\/a><\/div>\t\t\t<\/div>\n\t\t\t\t\t\t\t\t\t\t\t\t\t\t\t\t<div class=\"elementor-swiper-button elementor-swiper-button-prev\">\n\t\t\t\t\t\t<i aria-hidden=\"true\" class=\"eicon-chevron-left\"><\/i>\t\t\t\t\t\t<span class=\"elementor-screen-only\">Pr\u00e9c\u00e9dent<\/span>\n\t\t\t\t\t<\/div>\n\t\t\t\t\t<div class=\"elementor-swiper-button elementor-swiper-button-next\">\n\t\t\t\t\t\t<i aria-hidden=\"true\" class=\"eicon-chevron-right\"><\/i>\t\t\t\t\t\t<span class=\"elementor-screen-only\">Suivant<\/span>\n\t\t\t\t\t<\/div>\n\t\t\t\t\t\t\t\t\t<\/div>\n\t\t\t\t<\/div>\n\t\t\t\t<\/div>\n\t\t\t\t\t<\/div>\n\t\t<\/div>\n\t\t\t\t<div class=\"elementor-column elementor-col-66 elementor-top-column elementor-element elementor-element-fca676a\" data-id=\"fca676a\" data-element_type=\"column\">\n\t\t\t<div class=\"elementor-widget-wrap elementor-element-populated\">\n\t\t\t\t\t\t\t\t<div class=\"elementor-element elementor-element-41d550e elementor-widget elementor-widget-text-editor\" data-id=\"41d550e\" data-element_type=\"widget\" data-widget_type=\"text-editor.default\">\n\t\t\t\t<div class=\"elementor-widget-container\">\n\t\t\t\t\t\t\t<ul><li>Pi\u00e8ge \u00e0 balles <strong>standard<\/strong> 750&#215;750<\/li><\/ul><p><em>Possibilit\u00e9 de Peinture ou Galvanisation<\/em><\/p><ul><li>Pi\u00e8ge \u00e0 balles <strong>renforc\u00e9<\/strong> 750&#215;750\u00a0<\/li><\/ul><p><em>Possibilit\u00e9 de Peinture ou M\u00e9tallisation<\/em><\/p>\t\t\t\t\t\t<\/div>\n\t\t\t\t<\/div>\n\t\t\t\t<div class=\"elementor-element elementor-element-8fc05c1 elementor-widget elementor-widget-heading\" data-id=\"8fc05c1\" data-element_type=\"widget\" data-widget_type=\"heading.default\">\n\t\t\t\t<div class=\"elementor-widget-container\">\n\t\t\t<h2 class=\"elementor-heading-title elementor-size-small\"><a href=\"https:\/\/eurl-mcs.fr\/wp-content\/uploads\/2021\/03\/Piege-a-balle.pdf\">Fiche produit<\/a><\/h2>\t\t<\/div>\n\t\t\t\t<\/div>\n\t\t\t\t\t<\/div>\n\t\t<\/div>\n\t\t\t\t\t\t\t<\/div>\n\t\t<\/section>\n\t\t\t\t<section class=\"elementor-section elementor-top-section elementor-element elementor-element-6ec13f7 elementor-section-boxed elementor-section-height-default elementor-section-height-default\" data-id=\"6ec13f7\" data-element_type=\"section\">\n\t\t\t\t\t\t<div class=\"elementor-container elementor-column-gap-default\">\n\t\t\t\t\t<div class=\"elementor-column elementor-col-33 elementor-top-column elementor-element elementor-element-7bdd8d5\" data-id=\"7bdd8d5\" data-element_type=\"column\">\n\t\t\t<div class=\"elementor-widget-wrap elementor-element-populated\">\n\t\t\t\t\t\t\t\t<div class=\"elementor-element elementor-element-b45b868 elementor-widget elementor-widget-heading\" data-id=\"b45b868\" data-element_type=\"widget\" data-widget_type=\"heading.default\">\n\t\t\t\t<div class=\"elementor-widget-container\">\n\t\t\t<h2 class=\"elementor-heading-title elementor-size-default\">Mur de pi\u00e8ge \u00e0 balles<\/h2>\t\t<\/div>\n\t\t\t\t<\/div>\n\t\t\t\t<div class=\"elementor-element elementor-element-f67cc71 elementor-arrows-position-inside elementor-widget elementor-widget-image-carousel\" data-id=\"f67cc71\" data-element_type=\"widget\" data-settings=\"{&quot;slides_to_show&quot;:&quot;1&quot;,&quot;navigation&quot;:&quot;arrows&quot;,&quot;autoplay&quot;:&quot;yes&quot;,&quot;pause_on_hover&quot;:&quot;yes&quot;,&quot;pause_on_interaction&quot;:&quot;yes&quot;,&quot;autoplay_speed&quot;:5000,&quot;infinite&quot;:&quot;yes&quot;,&quot;effect&quot;:&quot;slide&quot;,&quot;speed&quot;:500}\" data-widget_type=\"image-carousel.default\">\n\t\t\t\t<div class=\"elementor-widget-container\">\n\t\t\t\t\t<div class=\"elementor-image-carousel-wrapper swiper-container\" dir=\"ltr\">\n\t\t\t<div class=\"elementor-image-carousel swiper-wrapper\">\n\t\t\t\t\t\t\t\t<div class=\"swiper-slide\"><figure class=\"swiper-slide-inner\"><img class=\"swiper-slide-image\" src=\"https:\/\/eurl-mcs.fr\/wp-content\/uploads\/2021\/03\/mur-arprotec-1-1-300x225.jpg\" alt=\"Mur Arprotec\" \/><\/figure><\/div><div class=\"swiper-slide\"><figure class=\"swiper-slide-inner\"><img class=\"swiper-slide-image\" src=\"https:\/\/eurl-mcs.fr\/wp-content\/uploads\/2021\/03\/sant-de-tir-monterau-25-M-1-300x225.jpg\" alt=\"Mur pi\u00e8ge \u00e0 balles Monterau\" \/><\/figure><\/div><div class=\"swiper-slide\"><figure class=\"swiper-slide-inner\"><img class=\"swiper-slide-image\" src=\"https:\/\/eurl-mcs.fr\/wp-content\/uploads\/2021\/03\/stand-de-tir-de-Monterau-300x225.jpg\" alt=\"Mur de pi\u00e8ge \u00e0 balles\" \/><\/figure><\/div>\t\t\t<\/div>\n\t\t\t\t\t\t\t\t\t\t\t\t\t\t\t\t<div class=\"elementor-swiper-button elementor-swiper-button-prev\">\n\t\t\t\t\t\t<i aria-hidden=\"true\" class=\"eicon-chevron-left\"><\/i>\t\t\t\t\t\t<span class=\"elementor-screen-only\">Pr\u00e9c\u00e9dent<\/span>\n\t\t\t\t\t<\/div>\n\t\t\t\t\t<div class=\"elementor-swiper-button elementor-swiper-button-next\">\n\t\t\t\t\t\t<i aria-hidden=\"true\" class=\"eicon-chevron-right\"><\/i>\t\t\t\t\t\t<span class=\"elementor-screen-only\">Suivant<\/span>\n\t\t\t\t\t<\/div>\n\t\t\t\t\t\t\t\t\t<\/div>\n\t\t\t\t<\/div>\n\t\t\t\t<\/div>\n\t\t\t\t\t<\/div>\n\t\t<\/div>\n\t\t\t\t<div class=\"elementor-column elementor-col-66 elementor-top-column elementor-element elementor-element-048f702\" data-id=\"048f702\" data-element_type=\"column\">\n\t\t\t<div class=\"elementor-widget-wrap elementor-element-populated\">\n\t\t\t\t\t\t\t\t<div class=\"elementor-element elementor-element-d098352 elementor-widget elementor-widget-text-editor\" data-id=\"d098352\" data-element_type=\"widget\" data-widget_type=\"text-editor.default\">\n\t\t\t\t<div class=\"elementor-widget-container\">\n\t\t\t\t\t\t\t<ul><li><p>Nous concevons et r\u00e9alisons nos murs de pi\u00e8ges \u00e0 balles sur mesure, nous prenons en comptes toute votre probl\u00e9matique afin de vous satisfaire au mieux.<\/p><\/li><li><p>Nous pouvons int\u00e9grer pour ceux qui pratique le TAR les gongs du 25 m dans un muret de protection du pied de ciblerie par exemple.<\/p><\/li><li><p>Le montage simple peut \u00eatre r\u00e9alis\u00e9 par le club ou par une de nos \u00e9quipes de montage et sans aucun moyen de levage.<\/p><\/li><\/ul>\t\t\t\t\t\t<\/div>\n\t\t\t\t<\/div>\n\t\t\t\t<div class=\"elementor-element elementor-element-798efa6 elementor-widget elementor-widget-heading\" data-id=\"798efa6\" data-element_type=\"widget\" data-widget_type=\"heading.default\">\n\t\t\t\t<div class=\"elementor-widget-container\">\n\t\t\t<h2 class=\"elementor-heading-title elementor-size-small\"><a href=\"https:\/\/eurl-mcs.fr\/wp-content\/uploads\/2021\/03\/Mur-pieges-a-balles.pdf\" target=\"_blank\">Fiche produit<\/a><\/h2>\t\t<\/div>\n\t\t\t\t<\/div>\n\t\t\t\t\t<\/div>\n\t\t<\/div>\n\t\t\t\t\t\t\t<\/div>\n\t\t<\/section>\n\t\t\t\t<section class=\"elementor-section elementor-top-section elementor-element elementor-element-61b778e elementor-section-boxed elementor-section-height-default elementor-section-height-default\" data-id=\"61b778e\" data-element_type=\"section\">\n\t\t\t\t\t\t<div class=\"elementor-container elementor-column-gap-default\">\n\t\t\t\t\t<div class=\"elementor-column elementor-col-33 elementor-top-column elementor-element elementor-element-025b508\" data-id=\"025b508\" data-element_type=\"column\">\n\t\t\t<div class=\"elementor-widget-wrap elementor-element-populated\">\n\t\t\t\t\t\t\t\t<div class=\"elementor-element elementor-element-0efa092 elementor-widget elementor-widget-image-gallery\" data-id=\"0efa092\" data-element_type=\"widget\" data-widget_type=\"image-gallery.default\">\n\t\t\t\t<div class=\"elementor-widget-container\">\n\t\t\t\t\t<div class=\"elementor-image-gallery\">\n\t\t\t<div id='gallery-1' class='gallery galleryid-215 gallery-columns-1 gallery-size-1536x1536'><figure class='gallery-item'>\r\n    \t\t<div class='gallery-icon landscape'>\r\n    \t\t\t<a href='https:\/\/eurl-mcs.fr\/wp-content\/uploads\/2021\/03\/grille-tarif-screen-noir-2.png' data-fancybox='group1' data-caption=''><img width=\"695\" height=\"509\" src=\"https:\/\/eurl-mcs.fr\/wp-content\/uploads\/2021\/03\/grille-tarif-screen-noir-2.png\" class=\"attachment-1536x1536 size-1536x1536\" alt=\"\" loading=\"lazy\" srcset=\"https:\/\/eurl-mcs.fr\/wp-content\/uploads\/2021\/03\/grille-tarif-screen-noir-2.png 695w, https:\/\/eurl-mcs.fr\/wp-content\/uploads\/2021\/03\/grille-tarif-screen-noir-2-300x220.png 300w, https:\/\/eurl-mcs.fr\/wp-content\/uploads\/2021\/03\/grille-tarif-screen-noir-2-82x60.png 82w\" sizes=\"(max-width: 695px) 100vw, 695px\" \/><\/a>\r\n    \t\t<\/div><\/figure>\r\n    \t<\/div>\n\t\t<\/div>\n\t\t\t\t<\/div>\n\t\t\t\t<\/div>\n\t\t\t\t\t<\/div>\n\t\t<\/div>\n\t\t\t\t<div class=\"elementor-column elementor-col-66 elementor-top-column elementor-element elementor-element-9d1787f\" data-id=\"9d1787f\" data-element_type=\"column\">\n\t\t\t<div class=\"elementor-widget-wrap elementor-element-populated\">\n\t\t\t\t\t\t\t\t<div class=\"elementor-element elementor-element-23908bb elementor-widget elementor-widget-heading\" data-id=\"23908bb\" data-element_type=\"widget\" data-widget_type=\"heading.default\">\n\t\t\t\t<div class=\"elementor-widget-container\">\n\t\t\t<h2 class=\"elementor-heading-title elementor-size-default\">PRIX DES PI\u00c8GES \u00c0 BALLES<\/h2>\t\t<\/div>\n\t\t\t\t<\/div>\n\t\t\t\t<div class=\"elementor-element elementor-element-c0b9360 elementor-widget elementor-widget-text-editor\" data-id=\"c0b9360\" data-element_type=\"widget\" data-widget_type=\"text-editor.default\">\n\t\t\t\t<div class=\"elementor-widget-container\">\n\t\t\t\t\t\t\t<ul><li>Choix de peinture, galvanisation ou m\u00e9tallisation<\/li><li>*Le prix peut varier en fonction de la hausse de mati\u00e8re*<\/li><\/ul>\t\t\t\t\t\t<\/div>\n\t\t\t\t<\/div>\n\t\t\t\t\t<\/div>\n\t\t<\/div>\n\t\t\t\t\t\t\t<\/div>\n\t\t<\/section>\n\t\t\t\t\t\t\t<\/div>\n\t\t","protected":false},"excerpt":{"rendered":"<p>NOS PI\u00c8GES \u00c0 BALLES MCS, con\u00e7oit et r\u00e9alise des pi\u00e8ges \u00e0 balles de s\u00e9rie et sur mesure, de\u00a0fabrication fran\u00e7aise. Pas de vente en ligne, contacter &hellip; <\/p>\n","protected":false},"author":2,"featured_media":0,"parent":0,"menu_order":0,"comment_status":"closed","ping_status":"closed","template":"","meta":{"spay_email":""},"yoast_head":"<!-- This site is optimized with the Yoast SEO plugin v19.4 - https:\/\/yoast.com\/wordpress\/plugins\/seo\/ -->\n<title>MCS | \u00c9quipementier du tir sportif | Pi\u00e8ge \u00e0 balles |<\/title>\n<meta name=\"description\" content=\"Bienvenue chez MCS, nous sommes \u00e9quipementier du tir sportif. Ici, vous pouvez retrouver tous les pi\u00e8ges \u00e0 balles que l&#039;on fabrique\" \/>\n<meta name=\"robots\" content=\"index, follow, max-snippet:-1, max-image-preview:large, max-video-preview:-1\" \/>\n<link rel=\"canonical\" href=\"https:\/\/eurl-mcs.fr\/index.php\/pieges-a-balles\/\" \/>\n<meta property=\"og:locale\" content=\"fr_FR\" \/>\n<meta property=\"og:type\" content=\"article\" \/>\n<meta property=\"og:title\" content=\"MCS | \u00c9quipementier du tir sportif | Pi\u00e8ge \u00e0 balles |\" \/>\n<meta property=\"og:description\" content=\"Bienvenue chez MCS, nous sommes \u00e9quipementier du tir sportif. Ici, vous pouvez retrouver tous les pi\u00e8ges \u00e0 balles que l&#039;on fabrique\" \/>\n<meta property=\"og:url\" content=\"https:\/\/eurl-mcs.fr\/index.php\/pieges-a-balles\/\" \/>\n<meta property=\"og:site_name\" content=\"MCS\" \/>\n<meta property=\"article:modified_time\" content=\"2021-11-22T14:25:15+00:00\" \/>\n<meta property=\"og:image\" content=\"https:\/\/eurl-mcs.fr\/wp-content\/uploads\/2021\/03\/batterie-650-x650-1-300x200.jpg\" \/>\n<meta name=\"twitter:card\" content=\"summary_large_image\" \/>\n<script type=\"application\/ld+json\" class=\"yoast-schema-graph\">{\"@context\":\"https:\/\/schema.org\",\"@graph\":[{\"@type\":\"Organization\",\"@id\":\"https:\/\/eurl-mcs.fr\/#organization\",\"name\":\"MCS\",\"url\":\"https:\/\/eurl-mcs.fr\/\",\"sameAs\":[],\"logo\":{\"@type\":\"ImageObject\",\"inLanguage\":\"fr-FR\",\"@id\":\"https:\/\/eurl-mcs.fr\/#\/schema\/logo\/image\/\",\"url\":\"https:\/\/eurl-mcs.fr\/wp-content\/uploads\/2021\/02\/cropped-logo-removebg-preview.png\",\"contentUrl\":\"https:\/\/eurl-mcs.fr\/wp-content\/uploads\/2021\/02\/cropped-logo-removebg-preview.png\",\"width\":420,\"height\":594,\"caption\":\"MCS\"},\"image\":{\"@id\":\"https:\/\/eurl-mcs.fr\/#\/schema\/logo\/image\/\"}},{\"@type\":\"WebSite\",\"@id\":\"https:\/\/eurl-mcs.fr\/#website\",\"url\":\"https:\/\/eurl-mcs.fr\/\",\"name\":\"MCS\",\"description\":\"Mecanique chaudronnerie et soudure\",\"publisher\":{\"@id\":\"https:\/\/eurl-mcs.fr\/#organization\"},\"potentialAction\":[{\"@type\":\"SearchAction\",\"target\":{\"@type\":\"EntryPoint\",\"urlTemplate\":\"https:\/\/eurl-mcs.fr\/?s={search_term_string}\"},\"query-input\":\"required name=search_term_string\"}],\"inLanguage\":\"fr-FR\"},{\"@type\":\"WebPage\",\"@id\":\"https:\/\/eurl-mcs.fr\/index.php\/pieges-a-balles\/\",\"url\":\"https:\/\/eurl-mcs.fr\/index.php\/pieges-a-balles\/\",\"name\":\"MCS | \u00c9quipementier du tir sportif | Pi\u00e8ge \u00e0 balles |\",\"isPartOf\":{\"@id\":\"https:\/\/eurl-mcs.fr\/#website\"},\"datePublished\":\"2021-03-03T10:13:01+00:00\",\"dateModified\":\"2021-11-22T14:25:15+00:00\",\"description\":\"Bienvenue chez MCS, nous sommes \u00e9quipementier du tir sportif. Ici, vous pouvez retrouver tous les pi\u00e8ges \u00e0 balles que l'on fabrique\",\"breadcrumb\":{\"@id\":\"https:\/\/eurl-mcs.fr\/index.php\/pieges-a-balles\/#breadcrumb\"},\"inLanguage\":\"fr-FR\",\"potentialAction\":[{\"@type\":\"ReadAction\",\"target\":[\"https:\/\/eurl-mcs.fr\/index.php\/pieges-a-balles\/\"]}]},{\"@type\":\"BreadcrumbList\",\"@id\":\"https:\/\/eurl-mcs.fr\/index.php\/pieges-a-balles\/#breadcrumb\",\"itemListElement\":[{\"@type\":\"ListItem\",\"position\":1,\"name\":\"Accueil\",\"item\":\"https:\/\/eurl-mcs.fr\/\"},{\"@type\":\"ListItem\",\"position\":2,\"name\":\"\"}]}]}<\/script>\n<!-- \/ Yoast SEO plugin. -->","yoast_head_json":{"title":"MCS | \u00c9quipementier du tir sportif | Pi\u00e8ge \u00e0 balles |","description":"Bienvenue chez MCS, nous sommes \u00e9quipementier du tir sportif. Ici, vous pouvez retrouver tous les pi\u00e8ges \u00e0 balles que l'on fabrique","robots":{"index":"index","follow":"follow","max-snippet":"max-snippet:-1","max-image-preview":"max-image-preview:large","max-video-preview":"max-video-preview:-1"},"canonical":"https:\/\/eurl-mcs.fr\/index.php\/pieges-a-balles\/","og_locale":"fr_FR","og_type":"article","og_title":"MCS | \u00c9quipementier du tir sportif | Pi\u00e8ge \u00e0 balles |","og_description":"Bienvenue chez MCS, nous sommes \u00e9quipementier du tir sportif. Ici, vous pouvez retrouver tous les pi\u00e8ges \u00e0 balles que l'on fabrique","og_url":"https:\/\/eurl-mcs.fr\/index.php\/pieges-a-balles\/","og_site_name":"MCS","article_modified_time":"2021-11-22T14:25:15+00:00","og_image":[{"url":"https:\/\/eurl-mcs.fr\/wp-content\/uploads\/2021\/03\/batterie-650-x650-1-300x200.jpg"}],"twitter_card":"summary_large_image","schema":{"@context":"https:\/\/schema.org","@graph":[{"@type":"Organization","@id":"https:\/\/eurl-mcs.fr\/#organization","name":"MCS","url":"https:\/\/eurl-mcs.fr\/","sameAs":[],"logo":{"@type":"ImageObject","inLanguage":"fr-FR","@id":"https:\/\/eurl-mcs.fr\/#\/schema\/logo\/image\/","url":"https:\/\/eurl-mcs.fr\/wp-content\/uploads\/2021\/02\/cropped-logo-removebg-preview.png","contentUrl":"https:\/\/eurl-mcs.fr\/wp-content\/uploads\/2021\/02\/cropped-logo-removebg-preview.png","width":420,"height":594,"caption":"MCS"},"image":{"@id":"https:\/\/eurl-mcs.fr\/#\/schema\/logo\/image\/"}},{"@type":"WebSite","@id":"https:\/\/eurl-mcs.fr\/#website","url":"https:\/\/eurl-mcs.fr\/","name":"MCS","description":"Mecanique chaudronnerie et soudure","publisher":{"@id":"https:\/\/eurl-mcs.fr\/#organization"},"potentialAction":[{"@type":"SearchAction","target":{"@type":"EntryPoint","urlTemplate":"https:\/\/eurl-mcs.fr\/?s={search_term_string}"},"query-input":"required name=search_term_string"}],"inLanguage":"fr-FR"},{"@type":"WebPage","@id":"https:\/\/eurl-mcs.fr\/index.php\/pieges-a-balles\/","url":"https:\/\/eurl-mcs.fr\/index.php\/pieges-a-balles\/","name":"MCS | \u00c9quipementier du tir sportif | Pi\u00e8ge \u00e0 balles |","isPartOf":{"@id":"https:\/\/eurl-mcs.fr\/#website"},"datePublished":"2021-03-03T10:13:01+00:00","dateModified":"2021-11-22T14:25:15+00:00","description":"Bienvenue chez MCS, nous sommes \u00e9quipementier du tir sportif. Ici, vous pouvez retrouver tous les pi\u00e8ges \u00e0 balles que l'on fabrique","breadcrumb":{"@id":"https:\/\/eurl-mcs.fr\/index.php\/pieges-a-balles\/#breadcrumb"},"inLanguage":"fr-FR","potentialAction":[{"@type":"ReadAction","target":["https:\/\/eurl-mcs.fr\/index.php\/pieges-a-balles\/"]}]},{"@type":"BreadcrumbList","@id":"https:\/\/eurl-mcs.fr\/index.php\/pieges-a-balles\/#breadcrumb","itemListElement":[{"@type":"ListItem","position":1,"name":"Accueil","item":"https:\/\/eurl-mcs.fr\/"},{"@type":"ListItem","position":2,"name":""}]}]}},"_links":{"self":[{"href":"https:\/\/eurl-mcs.fr\/index.php\/wp-json\/wp\/v2\/pages\/215"}],"collection":[{"href":"https:\/\/eurl-mcs.fr\/index.php\/wp-json\/wp\/v2\/pages"}],"about":[{"href":"https:\/\/eurl-mcs.fr\/index.php\/wp-json\/wp\/v2\/types\/page"}],"author":[{"embeddable":true,"href":"https:\/\/eurl-mcs.fr\/index.php\/wp-json\/wp\/v2\/users\/2"}],"replies":[{"embeddable":true,"href":"https:\/\/eurl-mcs.fr\/index.php\/wp-json\/wp\/v2\/comments?post=215"}],"version-history":[{"count":149,"href":"https:\/\/eurl-mcs.fr\/index.php\/wp-json\/wp\/v2\/pages\/215\/revisions"}],"predecessor-version":[{"id":1395,"href":"https:\/\/eurl-mcs.fr\/index.php\/wp-json\/wp\/v2\/pages\/215\/revisions\/1395"}],"wp:attachment":[{"href":"https:\/\/eurl-mcs.fr\/index.php\/wp-json\/wp\/v2\/media?parent=215"}],"curies":[{"name":"wp","href":"https:\/\/api.w.org\/{rel}","templated":true}]}}